{"id":1953,"date":"2021-04-12T10:07:17","date_gmt":"2021-04-12T08:07:17","guid":{"rendered":"https:\/\/www.commanderiedubontemps.com\/mentions-legales\/"},"modified":"2022-04-05T16:29:07","modified_gmt":"2022-04-05T14:29:07","slug":"legal-notice","status":"publish","type":"page","link":"https:\/\/www.commanderiedubontemps.com\/en\/legal-notice\/","title":{"rendered":"Legal notice"},"content":{"rendered":"<div class=\"texte\">\n<h4>PUBLISHER INFORMATION<\/h4>\n<p>Commanderie du Bontemps\u00a0:<\/p>\n<p><strong>Mail<\/strong> :\u00a0contact@commanderiedubontemps.fr<\/p>\n<p><strong>T\u00e9l\u00e9phone<\/strong>\u00a0: +33(0)556303838\u00a0\u2013<\/p>\n<p><strong>Adresse<\/strong> :\u00a038 rue Ferr\u00e8re, 33000 Bordeaux.<\/p>\n<p><strong>SIREN<\/strong> :\u00a0781955950<\/p>\n<h4>RESPONSIBLE FOR PUBLICATION<\/h4>\n<p>Emmanuel Cruse<\/p>\n<p><strong>Mail<\/strong>\u00a0: contact@commanderiedubontemps.fr<\/p>\n<p><strong>T\u00e9l\u00e9phone<\/strong> :\u00a00556303838<\/p>\n<h4>CREATION<\/h4>\n<p>Milk Digital<\/p>\n<h4>HOST<\/h4>\n<p>Milk Digital,<\/p>\n<p>24 cours Georges Cl\u00e9menceau, 33000 Bordeaux<\/p>\n<p>T\u00e9l\u00e9phone\u00a0: 0556390701<\/p>\n<h4>TEXTS<\/h4>\n<p>Commanderie du Bontemps and translation by Timoth\u00e9e Chapman<\/p>\n<\/div>\n","protected":false},"excerpt":{"rendered":"PUBLISHER INFORMATION Commanderie du Bontemps\u00a0: Mail :\u00a0contact@commanderiedubontemps.fr T\u00e9l\u00e9phone\u00a0: +33(0)556303838\u00a0\u2013 Adresse :\u00a038 rue Ferr\u00e8re, 33000 Bordeaux. SIREN :\u00a0781955950 RESPONSIBLE FOR PUBLICATION Emmanuel Cruse Mail\u00a0: contact@commanderiedubontemps.fr T\u00e9l\u00e9phone :\u00a00556303838 CREATION Milk Digital HOST Milk Digital, 24 cours Georges Cl\u00e9menceau, 33000 Bordeaux T\u00e9l\u00e9phone\u00a0: 0556390701 TEXTS Commanderie du Bontemps and translation by Timoth\u00e9e Chapman","protected":false},"author":1,"featured_media":0,"parent":0,"menu_order":3,"comment_status":"closed","ping_status":"closed","template":"","meta":{"_acf_changed":false,"inline_featured_image":false,"footnotes":""},"class_list":["post-1953","page","type-page","status-publish","hentry"],"acf":[],"yoast_head":"<!-- This site is optimized with the Yoast SEO plugin v27.3 - https:\/\/yoast.com\/product\/yoast-seo-wordpress\/ -->\n<title>Legal notice &#8211; The Commanderie du Bontemps<\/title>\n<meta name=\"robots\" content=\"index, follow, max-snippet:-1, max-image-preview:large, max-video-preview:-1\" \/>\n<link rel=\"canonical\" href=\"https:\/\/www.commanderiedubontemps.com\/en\/legal-notice\/\" \/>\n<meta property=\"og:locale\" content=\"en_US\" \/>\n<meta property=\"og:type\" content=\"article\" \/>\n<meta property=\"og:title\" content=\"Legal notice &#8211; The Commanderie du Bontemps\" \/>\n<meta property=\"og:description\" content=\"PUBLISHER INFORMATION Commanderie du Bontemps\u00a0: Mail :\u00a0contact@commanderiedubontemps.fr T\u00e9l\u00e9phone\u00a0: +33(0)556303838\u00a0\u2013 Adresse :\u00a038 rue Ferr\u00e8re, 33000 Bordeaux. SIREN :\u00a0781955950 RESPONSIBLE FOR PUBLICATION Emmanuel Cruse Mail\u00a0: contact@commanderiedubontemps.fr T\u00e9l\u00e9phone :\u00a00556303838 CREATION Milk Digital HOST Milk Digital, 24 cours Georges Cl\u00e9menceau, 33000 Bordeaux T\u00e9l\u00e9phone\u00a0: 0556390701 TEXTS Commanderie du Bontemps and translation by Timoth\u00e9e Chapman\" \/>\n<meta property=\"og:url\" content=\"https:\/\/www.commanderiedubontemps.com\/en\/legal-notice\/\" \/>\n<meta property=\"og:site_name\" content=\"The Commanderie du Bontemps\" \/>\n<meta property=\"article:publisher\" content=\"https:\/\/www.facebook.com\/commanderiedubontemps\/\" \/>\n<meta property=\"article:modified_time\" content=\"2022-04-05T14:29:07+00:00\" \/>\n<meta name=\"twitter:card\" content=\"summary_large_image\" \/>\n<script type=\"application\/ld+json\" class=\"yoast-schema-graph\">{\"@context\":\"https:\\\/\\\/schema.org\",\"@graph\":[{\"@type\":\"WebPage\",\"@id\":\"https:\\\/\\\/www.commanderiedubontemps.com\\\/en\\\/legal-notice\\\/\",\"url\":\"https:\\\/\\\/www.commanderiedubontemps.com\\\/en\\\/legal-notice\\\/\",\"name\":\"Legal notice &#8211; The Commanderie du Bontemps\",\"isPartOf\":{\"@id\":\"https:\\\/\\\/www.commanderiedubontemps.com\\\/#website\"},\"datePublished\":\"2021-04-12T08:07:17+00:00\",\"dateModified\":\"2022-04-05T14:29:07+00:00\",\"breadcrumb\":{\"@id\":\"https:\\\/\\\/www.commanderiedubontemps.com\\\/en\\\/legal-notice\\\/#breadcrumb\"},\"inLanguage\":\"en-US\",\"potentialAction\":[{\"@type\":\"ReadAction\",\"target\":[\"https:\\\/\\\/www.commanderiedubontemps.com\\\/en\\\/legal-notice\\\/\"]}]},{\"@type\":\"BreadcrumbList\",\"@id\":\"https:\\\/\\\/www.commanderiedubontemps.com\\\/en\\\/legal-notice\\\/#breadcrumb\",\"itemListElement\":[{\"@type\":\"ListItem\",\"position\":1,\"name\":\"Accueil\",\"item\":\"https:\\\/\\\/www.commanderiedubontemps.com\\\/en\\\/\"},{\"@type\":\"ListItem\",\"position\":2,\"name\":\"Legal notice\"}]},{\"@type\":\"WebSite\",\"@id\":\"https:\\\/\\\/www.commanderiedubontemps.com\\\/#website\",\"url\":\"https:\\\/\\\/www.commanderiedubontemps.com\\\/\",\"name\":\"The Commanderie du Bontemps\",\"description\":\"de M\u00e9doc, des Graves, de Sauternes et de Barsac\",\"publisher\":{\"@id\":\"https:\\\/\\\/www.commanderiedubontemps.com\\\/#organization\"},\"potentialAction\":[{\"@type\":\"SearchAction\",\"target\":{\"@type\":\"EntryPoint\",\"urlTemplate\":\"https:\\\/\\\/www.commanderiedubontemps.com\\\/?s={search_term_string}\"},\"query-input\":{\"@type\":\"PropertyValueSpecification\",\"valueRequired\":true,\"valueName\":\"search_term_string\"}}],\"inLanguage\":\"en-US\"},{\"@type\":\"Organization\",\"@id\":\"https:\\\/\\\/www.commanderiedubontemps.com\\\/#organization\",\"name\":\"La commanderie du Bontemps\",\"url\":\"https:\\\/\\\/www.commanderiedubontemps.com\\\/\",\"logo\":{\"@type\":\"ImageObject\",\"inLanguage\":\"en-US\",\"@id\":\"https:\\\/\\\/www.commanderiedubontemps.com\\\/#\\\/schema\\\/logo\\\/image\\\/\",\"url\":\"https:\\\/\\\/www.commanderiedubontemps.com\\\/wp-content\\\/uploads\\\/2021\\\/06\\\/favicon.png\",\"contentUrl\":\"https:\\\/\\\/www.commanderiedubontemps.com\\\/wp-content\\\/uploads\\\/2021\\\/06\\\/favicon.png\",\"width\":754,\"height\":754,\"caption\":\"La commanderie du Bontemps\"},\"image\":{\"@id\":\"https:\\\/\\\/www.commanderiedubontemps.com\\\/#\\\/schema\\\/logo\\\/image\\\/\"},\"sameAs\":[\"https:\\\/\\\/www.facebook.com\\\/commanderiedubontemps\\\/\",\"https:\\\/\\\/www.instagram.com\\\/commanderiedubontemps\\\/\"]}]}<\/script>\n<!-- \/ Yoast SEO plugin. -->","yoast_head_json":{"title":"Legal notice &#8211; The Commanderie du Bontemps","robots":{"index":"index","follow":"follow","max-snippet":"max-snippet:-1","max-image-preview":"max-image-preview:large","max-video-preview":"max-video-preview:-1"},"canonical":"https:\/\/www.commanderiedubontemps.com\/en\/legal-notice\/","og_locale":"en_US","og_type":"article","og_title":"Legal notice &#8211; The Commanderie du Bontemps","og_description":"PUBLISHER INFORMATION Commanderie du Bontemps\u00a0: Mail :\u00a0contact@commanderiedubontemps.fr T\u00e9l\u00e9phone\u00a0: +33(0)556303838\u00a0\u2013 Adresse :\u00a038 rue Ferr\u00e8re, 33000 Bordeaux. SIREN :\u00a0781955950 RESPONSIBLE FOR PUBLICATION Emmanuel Cruse Mail\u00a0: contact@commanderiedubontemps.fr T\u00e9l\u00e9phone :\u00a00556303838 CREATION Milk Digital HOST Milk Digital, 24 cours Georges Cl\u00e9menceau, 33000 Bordeaux T\u00e9l\u00e9phone\u00a0: 0556390701 TEXTS Commanderie du Bontemps and translation by Timoth\u00e9e Chapman","og_url":"https:\/\/www.commanderiedubontemps.com\/en\/legal-notice\/","og_site_name":"The Commanderie du Bontemps","article_publisher":"https:\/\/www.facebook.com\/commanderiedubontemps\/","article_modified_time":"2022-04-05T14:29:07+00:00","twitter_card":"summary_large_image","schema":{"@context":"https:\/\/schema.org","@graph":[{"@type":"WebPage","@id":"https:\/\/www.commanderiedubontemps.com\/en\/legal-notice\/","url":"https:\/\/www.commanderiedubontemps.com\/en\/legal-notice\/","name":"Legal notice &#8211; The Commanderie du Bontemps","isPartOf":{"@id":"https:\/\/www.commanderiedubontemps.com\/#website"},"datePublished":"2021-04-12T08:07:17+00:00","dateModified":"2022-04-05T14:29:07+00:00","breadcrumb":{"@id":"https:\/\/www.commanderiedubontemps.com\/en\/legal-notice\/#breadcrumb"},"inLanguage":"en-US","potentialAction":[{"@type":"ReadAction","target":["https:\/\/www.commanderiedubontemps.com\/en\/legal-notice\/"]}]},{"@type":"BreadcrumbList","@id":"https:\/\/www.commanderiedubontemps.com\/en\/legal-notice\/#breadcrumb","itemListElement":[{"@type":"ListItem","position":1,"name":"Accueil","item":"https:\/\/www.commanderiedubontemps.com\/en\/"},{"@type":"ListItem","position":2,"name":"Legal notice"}]},{"@type":"WebSite","@id":"https:\/\/www.commanderiedubontemps.com\/#website","url":"https:\/\/www.commanderiedubontemps.com\/","name":"The Commanderie du Bontemps","description":"de M\u00e9doc, des Graves, de Sauternes et de Barsac","publisher":{"@id":"https:\/\/www.commanderiedubontemps.com\/#organization"},"potentialAction":[{"@type":"SearchAction","target":{"@type":"EntryPoint","urlTemplate":"https:\/\/www.commanderiedubontemps.com\/?s={search_term_string}"},"query-input":{"@type":"PropertyValueSpecification","valueRequired":true,"valueName":"search_term_string"}}],"inLanguage":"en-US"},{"@type":"Organization","@id":"https:\/\/www.commanderiedubontemps.com\/#organization","name":"La commanderie du Bontemps","url":"https:\/\/www.commanderiedubontemps.com\/","logo":{"@type":"ImageObject","inLanguage":"en-US","@id":"https:\/\/www.commanderiedubontemps.com\/#\/schema\/logo\/image\/","url":"https:\/\/www.commanderiedubontemps.com\/wp-content\/uploads\/2021\/06\/favicon.png","contentUrl":"https:\/\/www.commanderiedubontemps.com\/wp-content\/uploads\/2021\/06\/favicon.png","width":754,"height":754,"caption":"La commanderie du Bontemps"},"image":{"@id":"https:\/\/www.commanderiedubontemps.com\/#\/schema\/logo\/image\/"},"sameAs":["https:\/\/www.facebook.com\/commanderiedubontemps\/","https:\/\/www.instagram.com\/commanderiedubontemps\/"]}]}},"_links":{"self":[{"href":"https:\/\/www.commanderiedubontemps.com\/en\/wp-json\/wp\/v2\/pages\/1953","targetHints":{"allow":["GET"]}}],"collection":[{"href":"https:\/\/www.commanderiedubontemps.com\/en\/wp-json\/wp\/v2\/pages"}],"about":[{"href":"https:\/\/www.commanderiedubontemps.com\/en\/wp-json\/wp\/v2\/types\/page"}],"author":[{"embeddable":true,"href":"https:\/\/www.commanderiedubontemps.com\/en\/wp-json\/wp\/v2\/users\/1"}],"replies":[{"embeddable":true,"href":"https:\/\/www.commanderiedubontemps.com\/en\/wp-json\/wp\/v2\/comments?post=1953"}],"version-history":[{"count":2,"href":"https:\/\/www.commanderiedubontemps.com\/en\/wp-json\/wp\/v2\/pages\/1953\/revisions"}],"predecessor-version":[{"id":2043,"href":"https:\/\/www.commanderiedubontemps.com\/en\/wp-json\/wp\/v2\/pages\/1953\/revisions\/2043"}],"wp:attachment":[{"href":"https:\/\/www.commanderiedubontemps.com\/en\/wp-json\/wp\/v2\/media?parent=1953"}],"curies":[{"name":"wp","href":"https:\/\/api.w.org\/{rel}","templated":true}]}}